{"id":88,"date":"2013-09-03T15:44:38","date_gmt":"2013-09-03T13:44:38","guid":{"rendered":"https:\/\/www.mirkobajsic.michaelmack.de\/?page_id=88"},"modified":"2023-01-21T16:41:49","modified_gmt":"2023-01-21T15:41:49","slug":"biografie","status":"publish","type":"page","link":"https:\/\/www.mirkobajsic.michaelmack.de\/","title":{"rendered":"<!--:de-->Biografie<!--:--><!--:it-->Biografia<!--:--><!--:en-->Biography<!--:-->"},"content":{"rendered":"<p><!--:de--><a href=\"https:\/\/www.mirkobajsic.michaelmack.de\/wp-content\/uploads\/2013\/09\/biografie.jpg\"><img loading=\"lazy\" decoding=\"async\" class=\"alignright wp-image-167 size-full\" src=\"https:\/\/www.mirkobajsic.michaelmack.de\/wp-content\/uploads\/2013\/09\/biografie.jpg\" alt=\"Mirko Bajsic\" width=\"231\" height=\"260\"><\/a>Mirko Bajsic 1956 geboren in Lepoglava, Kroatien.<br \/>\nAufgewachsen auf dem kleinen Bauernhof seiner Gro\u00dfeltern, verl\u00e4sst er im Alter von 15 Jahre die Heimat, um seine Mutter nach Deutschland zu folgen.<\/p>\n<p>Hier f\u00e4ngt er als Autodidakt mit \u00d6lfarben auf Hinterglas zu malen, auf den Spuren von den kroatischen naiven Malern aus Hlebine, Bauernmaler, die Motive aus der eigenen, einfachen b\u00e4uerlichen Leben malten.<br \/>\nObwohl seiner Kunst viele Stilelemente dieser Schule zuzurechnen sind, hat der K\u00fcnstler Inhaltlich und stilistisch eine eigene ganz pers\u00f6nliche Bildwelt erfunden, von neuen Anreizungen gepr\u00e4gt. In der Tat beeinflussen die immer wiederkehrenden Aufenthalten in Umbrien \u2013 Italien seine Malerei und neben den kleinen H\u00e4user und H\u00fctten mit Strohd\u00e4chern erscheinen immer wieder die typischen umbrischen Steinbauernh\u00f6fe, die Vegetation verwandelt sich und nimmt die krummen und fantastischen Formen der Olivenb\u00e4ume an.<\/p>\n<p>Seine Gem\u00e4lde erz\u00e4hlen mit Spontaneit\u00e4t und Bescheidenheit zeitlose Geschichten in einem schrillenden Feuerwerk der Farben.<\/p>\n<p>Im Jahr 1998 stellt er sich das erste Mal mit einer Einzelausstellung in M\u00fcnchen der \u00d6ffentlichkeit vor, und seit dem folgten mehrere Einzel- und Kollektiv-Ausstellungen in Deutschland, Kroatien und Italien.<!--:--><!--:it--><a href=\"https:\/\/www.mirkobajsic.michaelmack.de\/wp-content\/uploads\/2013\/09\/biografie.jpg\"><img loading=\"lazy\" decoding=\"async\" class=\"alignright wp-image-167 size-full\" src=\"https:\/\/www.mirkobajsic.michaelmack.de\/wp-content\/uploads\/2013\/09\/biografie.jpg\" alt=\"\" width=\"231\" height=\"260\"><\/a>Mirko Bajsic nato il 1956 a Lepoglava, Croazia.<\/p>\n<p>Fino all\u2019et\u00e1 di 15 anni vive con i nonni in una piccola fattoria, dopodich\u00e9 lascia il suo Paese natale per seguire la madre in Germania.<\/p>\n<p>Qui inizia a dipingere come autodidatta con colori ad olio su vetro, seguendo le orme della scuola na\u00eff croata dei pittori di Hlebine, artisti contadini che dipingevano la semplicit\u00e1 della loro vita quotidiana.<\/p>\n<p>Nonostante molti degli elementi stilistici nelle sue opere siano da attribuire a questa scuola, l\u2019artista ha creato una visione del mondo tutta sua, personale nei contenuti e nello stile, plasmata da nuovi stimoli.<\/p>\n<p>I suoi ricorrenti soggiorni in Umbria \u2013 Italia, influenzano la sua pittura ed ecco che oltre alle piccole case e capanne con il tetto di paglia, sempre pi\u00fa frequentemente si affacciano nelle sue opere i tipici casali umbri in pietra e la vegetazione assume le forme contorte e fantasiose degli ulivi.<\/p>\n<p>I suoi dipinti raccontano con semplicit\u00e1 ed immediatezza favole senza tempo in un\u2019esplosione di squillanti colori.<\/p>\n<p>La sua attivit\u00e1 pubblica inizia nel 1998 con una mostra personale a Monaco di Baviera, attivit\u00e1 che prosegue con varie mostre personali e collettive in Germania, Italia e Croazia.<!--:--><!--:en--><a href=\"https:\/\/www.mirkobajsic.michaelmack.de\/wp-content\/uploads\/2013\/09\/biografie.jpg\"><img loading=\"lazy\" decoding=\"async\" class=\"alignright wp-image-167 size-full\" src=\"https:\/\/www.mirkobajsic.michaelmack.de\/wp-content\/uploads\/2013\/09\/biografie.jpg\" alt=\"\" width=\"231\" height=\"260\"><\/a>Mirko Bajsic Born in Lepoglava, Croatia in 1956.<br \/>\nHe spent his childhood on the little farm of his grandparents, at the age of 15 he left his homeland to follow his mother to Germany.<\/p>\n<p>There he began his behind-glass-painting with oil colours as a self-taught artist , following the Croatian na\u00efve painters\u2019 trails from Hlebine, peasant painters who pictured their own simple rural life. Although his art shows many style elements of this school, the artist created his very own contentual and stylish image of the world, influenced by new stimulations.<br \/>\nIn fact his periodical vacations in Umbria &#8211; Italy, affect his painting so that next to small houses and cottages with thatched roofs of straw the typical umbrien stone-farms appear, the vegetation changes itself into the buckled and fantastic forms of the olive trees.<\/p>\n<p>His paintings tell timeless stories with spontaneity and modesty, with a bright firework of colours.<\/p>\n<p>In the year 1998 he introduced himself to the public with a single exhibition in Munich, since then several single and collective exhibitions have followed in Germany, Croatia and Italy.<!--:--><\/p>\n","protected":false},"excerpt":{"rendered":"<p>Mirko Bajsic 1956 geboren in Lepoglava, Kroatien. Aufgewachsen auf dem kleinen Bauernhof seiner Gro\u00dfeltern, verl\u00e4sst er im Alter von 15 Jahre die Heimat, um seine Mutter nach Deutschland zu folgen. Hier f\u00e4ngt er als Autodidakt mit \u00d6lfarben auf Hinterglas zu &hellip; <a href=\"https:\/\/www.mirkobajsic.michaelmack.de\/\">Weiterlesen <span class=\"meta-nav\">&rarr;<\/span><\/a><\/p>\n","protected":false},"author":1,"featured_media":167,"parent":0,"menu_order":1,"comment_status":"closed","ping_status":"closed","template":"","meta":{"ngg_post_thumbnail":0,"footnotes":""},"class_list":["post-88","page","type-page","status-publish","has-post-thumbnail","hentry"],"jetpack_sharing_enabled":true,"_links":{"self":[{"href":"https:\/\/www.mirkobajsic.michaelmack.de\/index.php?rest_route=\/wp\/v2\/pages\/88","targetHints":{"allow":["GET"]}}],"collection":[{"href":"https:\/\/www.mirkobajsic.michaelmack.de\/index.php?rest_route=\/wp\/v2\/pages"}],"about":[{"href":"https:\/\/www.mirkobajsic.michaelmack.de\/index.php?rest_route=\/wp\/v2\/types\/page"}],"author":[{"embeddable":true,"href":"https:\/\/www.mirkobajsic.michaelmack.de\/index.php?rest_route=\/wp\/v2\/users\/1"}],"replies":[{"embeddable":true,"href":"https:\/\/www.mirkobajsic.michaelmack.de\/index.php?rest_route=%2Fwp%2Fv2%2Fcomments&post=88"}],"version-history":[{"count":5,"href":"https:\/\/www.mirkobajsic.michaelmack.de\/index.php?rest_route=\/wp\/v2\/pages\/88\/revisions"}],"predecessor-version":[{"id":330,"href":"https:\/\/www.mirkobajsic.michaelmack.de\/index.php?rest_route=\/wp\/v2\/pages\/88\/revisions\/330"}],"wp:featuredmedia":[{"embeddable":true,"href":"https:\/\/www.mirkobajsic.michaelmack.de\/index.php?rest_route=\/wp\/v2\/media\/167"}],"wp:attachment":[{"href":"https:\/\/www.mirkobajsic.michaelmack.de\/index.php?rest_route=%2Fwp%2Fv2%2Fmedia&parent=88"}],"curies":[{"name":"wp","href":"https:\/\/api.w.org\/{rel}","templated":true}]}}